{"id":599,"date":"2025-04-10T14:06:28","date_gmt":"2025-04-10T12:06:28","guid":{"rendered":"https:\/\/miwa.noblogs.org\/?page_id=599"},"modified":"2025-04-10T14:06:29","modified_gmt":"2025-04-10T12:06:29","slug":"uber-uns-2","status":"publish","type":"page","link":"https:\/\/miwa.noblogs.org\/?page_id=599","title":{"rendered":"\u00dcber uns"},"content":{"rendered":"\n<p>Wir sind ein Zusammenschluss von Mieter*innen, die sich gegen steigende Mieten, Verdr\u00e4ngung und die Kommerzialisierung von Wohnraum organisieren. Wohnen ist ein Grundrecht &#8211; doch immer mehr Menschen k\u00e4mpfen mit hohen Mieten, Nebenkosten und profitorientierten Vermietern. W\u00e4hrend Investor*innen und Immobilienkonzerne Gewinne machen, werden Mieter*innen zunehmend belastet. Doch gemeinsam sind wir lauter, st\u00e4rker und k\u00f6nnen echte Ver\u00e4nderungen bewirken!<\/p>\n\n\n\n<p>\ud83d\udca5 <strong>2024 haben wir erstmals \u00fcber 100.000 \u20ac von Vermietern zur\u00fcckgeholt!<\/strong> \ud83d\udca5<\/p>\n\n\n\n<h2 class=\"wp-block-heading\"><strong>Was wir tun<\/strong><\/h2>\n\n\n\n<p>Wir unterst\u00fctzen Mieter*innen dabei, sich zu organisieren und Hausgemeinschaften zu vernetzen, um gemeinsam Mietwucher und Verdr\u00e4ngung zu stoppen. Unsere Arbeit basiert auf dem Konzept des Organizings (link zu unserm Organizing Konzept): Statt allein zu k\u00e4mpfen, b\u00fcndeln wir unsere Kr\u00e4fte &#8211; direkt, entschlossen und solidarisch!<\/p>\n\n\n\n<h2 class=\"wp-block-heading\"><\/h2>\n\n\n\n<p><\/p>\n","protected":false},"excerpt":{"rendered":"<p>Wir sind ein Zusammenschluss von Mieter*innen, die sich gegen steigende Mieten, Verdr\u00e4ngung und die Kommerzialisierung von Wohnraum organisieren. Wohnen ist ein Grundrecht &#8211; doch immer mehr Menschen k\u00e4mpfen mit hohen Mieten, Nebenkosten und profitorientierten Vermietern. W\u00e4hrend Investor*innen und Immobilienkonzerne Gewinne machen, werden Mieter*innen zunehmend belastet. Doch gemeinsam sind wir lauter, st\u00e4rker und k\u00f6nnen echte Ver\u00e4nderungen &hellip; <a href=\"https:\/\/miwa.noblogs.org\/?page_id=599\" class=\"more-link\">Continue reading<span class=\"screen-reader-text\"> &#8220;\u00dcber uns&#8221;<\/span><\/a><\/p>\n","protected":false},"author":16208,"featured_media":0,"parent":0,"menu_order":0,"comment_status":"closed","ping_status":"closed","template":"","meta":{"footnotes":""},"class_list":["post-599","page","type-page","status-publish","hentry"],"_links":{"self":[{"href":"https:\/\/miwa.noblogs.org\/index.php?rest_route=\/wp\/v2\/pages\/599","targetHints":{"allow":["GET"]}}],"collection":[{"href":"https:\/\/miwa.noblogs.org\/index.php?rest_route=\/wp\/v2\/pages"}],"about":[{"href":"https:\/\/miwa.noblogs.org\/index.php?rest_route=\/wp\/v2\/types\/page"}],"author":[{"embeddable":true,"href":"https:\/\/miwa.noblogs.org\/index.php?rest_route=\/wp\/v2\/users\/16208"}],"replies":[{"embeddable":true,"href":"https:\/\/miwa.noblogs.org\/index.php?rest_route=%2Fwp%2Fv2%2Fcomments&post=599"}],"version-history":[{"count":1,"href":"https:\/\/miwa.noblogs.org\/index.php?rest_route=\/wp\/v2\/pages\/599\/revisions"}],"predecessor-version":[{"id":600,"href":"https:\/\/miwa.noblogs.org\/index.php?rest_route=\/wp\/v2\/pages\/599\/revisions\/600"}],"wp:attachment":[{"href":"https:\/\/miwa.noblogs.org\/index.php?rest_route=%2Fwp%2Fv2%2Fmedia&parent=599"}],"curies":[{"name":"wp","href":"https:\/\/api.w.org\/{rel}","templated":true}]}}