{"id":586,"date":"2025-03-28T13:59:37","date_gmt":"2025-03-28T12:59:37","guid":{"rendered":"https:\/\/miwa.noblogs.org\/?page_id=586"},"modified":"2025-03-28T15:41:24","modified_gmt":"2025-03-28T14:41:24","slug":"unser-organizing-konzept","status":"publish","type":"page","link":"https:\/\/miwa.noblogs.org\/?page_id=586","title":{"rendered":"Unser Organizing-Konzept"},"content":{"rendered":"<p>In unserem politischen Alltag stellen wir uns h\u00e4ufig die Frage, wie wir konkrete politische Ver\u00e4nderungen bewirken k\u00f6nnen und was es daf\u00fcr braucht. Daf\u00fcr orientieren wir uns am Konzept des <em>Organizings\u00a0<\/em>(in Abgrenzung zu typischer linker Kampagnenpolitik, auch bekannt als<em> Mobilizing<\/em>). Einige unserer Leitlinien haben wir hier zusammengetragen, damit ihr euch einen Eindruck davon verschaffen k\u00f6nnt, wie wir arbeiten!<\/p>\n<h3>Unsere Grundprinzipien:<\/h3>\n<p><strong data-start=\"303\" data-end=\"327\">Vom Alltag ausgehen:<\/strong> unsere Arbeit muss an die realen Probleme von Menschen ankn\u00fcpfen. Wenn wir gewinnen, muss sich das im Alltag von Menschen bemerkbar machen! Uns trifft man nicht auf Instagram, sondern an der Haust\u00fcr.<\/p>\n<p><strong>Keine Stellvertreterpolitik:<\/strong> wir unterst\u00fctzen Hausgemeinschaften dabei f\u00fcr ihre eigenen Interessen einzustehen. Das geht meistens ohne Stellvertreter. Der Gang zur Anw\u00e4ltin, in die Bezirkspolitik oder vor Gericht ist meist nur der letzte Schritt!<\/p>\n<p><strong data-start=\"637\" data-end=\"685\">Langfristige Strategie statt Schnellsch\u00fcsse:<\/strong> wir wollen nachhaltige Organisation und Bewegung aufbauen, nicht nur kurzfristig mobilisieren. Daf\u00fcr planen wir sorgf\u00e4ltig und engagieren uns langfristig miteinander.<\/p>\n<p><strong data-start=\"777\" data-end=\"813\">Konkret sein:<\/strong> wir verfolgen klare und realisierbare Ziele, so dass wir sp\u00fcrbare Erfolge erreichen k\u00f6nnen.<\/p>\n<div style=\"font-weight: normal\">\n<p><strong>Auf Augenh\u00f6he arbeiten:<\/strong> wir unterst\u00fctzen Hausgemeinschaften, aber wir sind keine Dienstleister! Stattdessen wollen wir starke und eigenst\u00e4ndige Strukturen in H\u00e4usern aufbauen, ohne Hirarchien und Abh\u00e4ngigkeiten zu schaffen.<\/p>\n<p><strong>Alle Anwohnenden einbinden:<\/strong> unsere Arbeit soll die gesamte Hausgemeinschaft organisieren und st\u00e4rken, nicht nur Einzelne!<\/p>\n<h3>Unser Werkzeugkasten:<\/h3>\n<p><strong data-start=\"1054\" data-end=\"1088\">Eins-zu-eins-Gespr\u00e4che:<\/strong> Direkte Gespr\u00e4che an den Haust\u00fcren sind die Basis f\u00fcr den Aufbau neuer Hausgemeinschaften.<\/p>\n<p><strong>Aktiventreffen:<\/strong> Kontinuierliche Beteiligung durch regelm\u00e4\u00dfige Treffen. Hier wollen wir neue Aktive aufbauen, bef\u00e4higen und demokratische Entscheidungsprozesse f\u00f6rdern.<\/p>\n<p><strong>Hausversammlungen und Haust\u00fcr-Aktionen:<\/strong> manchmal braucht es die Meinung von allen Anwohnenden eines Hauses. Dann berufen wir Hausversammlungen ein oder gehen einmal an alle T\u00fcren, um mit den Beteiligten zu sprechen!<\/p>\n<p><strong>Bildungen und Skillsharing:<\/strong> f\u00fcr den Aufbau neuer Strukturen m\u00fcssen wir unser gesammeltes Wissen verbreitern und vermitteln. Daf\u00fcr organisieren wir regelm\u00e4\u00dfig politische Bildungen und Skillsharings &#8211; untereinander, f\u00fcr andere organisierte Mieter*innen und f\u00fcr die Hausgemeinschaften, in denen wir aktiv sind!<\/p>\n<p>&nbsp;<\/p>\n<\/div>\n","protected":false},"excerpt":{"rendered":"<p>In unserem politischen Alltag stellen wir uns h\u00e4ufig die Frage, wie wir konkrete politische Ver\u00e4nderungen bewirken k\u00f6nnen und was es daf\u00fcr braucht. Daf\u00fcr orientieren wir uns am Konzept des Organizings\u00a0(in Abgrenzung zu typischer linker Kampagnenpolitik, auch bekannt als Mobilizing). Einige unserer Leitlinien haben wir hier zusammengetragen, damit ihr euch einen Eindruck davon verschaffen k\u00f6nnt, wie &hellip; <a href=\"https:\/\/miwa.noblogs.org\/?page_id=586\" class=\"more-link\">Continue reading<span class=\"screen-reader-text\"> &#8220;Unser Organizing-Konzept&#8221;<\/span><\/a><\/p>\n","protected":false},"author":16208,"featured_media":0,"parent":0,"menu_order":0,"comment_status":"closed","ping_status":"closed","template":"","meta":{"footnotes":""},"class_list":["post-586","page","type-page","status-publish","hentry"],"_links":{"self":[{"href":"https:\/\/miwa.noblogs.org\/index.php?rest_route=\/wp\/v2\/pages\/586","targetHints":{"allow":["GET"]}}],"collection":[{"href":"https:\/\/miwa.noblogs.org\/index.php?rest_route=\/wp\/v2\/pages"}],"about":[{"href":"https:\/\/miwa.noblogs.org\/index.php?rest_route=\/wp\/v2\/types\/page"}],"author":[{"embeddable":true,"href":"https:\/\/miwa.noblogs.org\/index.php?rest_route=\/wp\/v2\/users\/16208"}],"replies":[{"embeddable":true,"href":"https:\/\/miwa.noblogs.org\/index.php?rest_route=%2Fwp%2Fv2%2Fcomments&post=586"}],"version-history":[{"count":8,"href":"https:\/\/miwa.noblogs.org\/index.php?rest_route=\/wp\/v2\/pages\/586\/revisions"}],"predecessor-version":[{"id":595,"href":"https:\/\/miwa.noblogs.org\/index.php?rest_route=\/wp\/v2\/pages\/586\/revisions\/595"}],"wp:attachment":[{"href":"https:\/\/miwa.noblogs.org\/index.php?rest_route=%2Fwp%2Fv2%2Fmedia&parent=586"}],"curies":[{"name":"wp","href":"https:\/\/api.w.org\/{rel}","templated":true}]}}