{"id":394,"date":"2025-03-13T10:23:18","date_gmt":"2025-03-13T09:23:18","guid":{"rendered":"https:\/\/miwa.noblogs.org\/?page_id=394"},"modified":"2025-03-28T13:26:22","modified_gmt":"2025-03-28T12:26:22","slug":"start","status":"publish","type":"page","link":"https:\/\/miwa.noblogs.org\/","title":{"rendered":"Willkommen bei Mietenwahnsinn Nord!"},"content":{"rendered":"<p>&nbsp;<\/p>\n<h2>\ud83c\udfe0 Unser Zuhause ist kein Spekulationsobjekt!<\/h2>\n<p><strong data-start=\"166\" data-end=\"259\"><span class=\"author-a-z79zz67zz70z04lz72z1g3qz87zz86zz77zz90z6 b\"><b>Hohe Nebenkosten, steigende Mieten, Verdr\u00e4ngung?<\/b><\/span> Damit bist du nicht allein! <\/strong>Mietenwahnsinn Nord ist ein Zusammenschluss von Mieter*innen, die sich nicht l\u00e4nger auspressen lassen. Wir organisieren uns, um gemeinsam gegen Verdr\u00e4ngung und Mietwucher vorzugehen \u2013 direkt, entschlossen und solidarisch! Wir sind Teil der <a href=\"http:\/\/unverwertbar.org\" target=\"_blank\" rel=\"noopener\">Stadtteilgruppe H\u00e4nde weg vom Wedding<\/a>.<\/p>\n<p>&nbsp;<\/p>\n<h2 data-start=\"1629\" data-end=\"1653\"><strong data-start=\"1632\" data-end=\"1651\">\ud83d\udce2 Was wir tun:<\/strong><\/h2>\n<p><strong>Hausgemeinschaften organisieren<\/strong><strong data-start=\"1919\" data-end=\"1956\">:<\/strong> vereinzelt kommen wir nur schwer gegen unsere Vermieter an. Aber gemeinsam sind wir lauter, st\u00e4rker und k\u00f6nnen echte Ver\u00e4nderungen bewirken! Das zeigen unsere <a href=\"https:\/\/miwa.noblogs.org\/?p=325\">Erfahrungen aus dem vergangenen Jahr<\/a>!<\/p>\n<p><strong data-start=\"1790\" data-end=\"1825\">Beraten und Unterst\u00fctzen:<\/strong> Wir helfen Hausgemeinschaften, sich gegen ungerechtfertigte Nebenkostenabrechnungen oder andere Zumutungen zu wehren. Denn wir wissen: die meisten Nebenkostenabrechnungen enthalten eklatante Fehler!<\/p>\n<p data-start=\"1654\" data-end=\"2034\"><strong data-start=\"1657\" data-end=\"1682\">Protest organisieren:<\/strong> Wir gehen gemeinsam auf die Stra\u00dfe, organisieren Kundgebungen und machen Druck auf Investoren und Politik!<\/p>\n<p>&nbsp;<\/p>\n<h2 data-start=\"1654\" data-end=\"2034\">\ud83d\ude80 So kannst du aktiv werden:<\/h2>\n<div id=\"magicdomid75\" class=\"ace-line\" aria-live=\"assertive\"><span class=\"author-a-z79zz67zz70z04lz72z1g3qz87zz86zz77zz90z6 b\"><b>Organisiere mit uns deine Hausgemeinschaft:<\/b><\/span><span class=\"author-a-z79zz67zz70z04lz72z1g3qz87zz86zz77zz90z6\"> Gemeinsam seid ihr st\u00e4rker und k\u00f6nnt was bewegen!<\/span><\/div>\n<div aria-live=\"assertive\"><\/div>\n<div id=\"magicdomid76\" class=\"ace-line\" aria-live=\"assertive\"><span class=\"author-a-z79zz67zz70z04lz72z1g3qz87zz86zz77zz90z6 b\"><b>Werde Organizer:<\/b><\/span><span class=\"author-a-z79zz67zz70z04lz72z1g3qz87zz86zz77zz90z6\"> Hilf uns, andere Hausgemeinschaften zusammenzubringen, sie zu vernetzen und gemeinsam aktiv zu werden.<\/span><\/div>\n<div aria-live=\"assertive\"><\/div>\n<div id=\"magicdomid77\" class=\"ace-line\" aria-live=\"assertive\"><span class=\"author-a-z79zz67zz70z04lz72z1g3qz87zz86zz77zz90z6 b\"><b>Hilf mit!<\/b><\/span><span class=\"author-a-z79zz67zz70z04lz72z1g3qz87zz86zz77zz90z6\"> Ob mit Zeit, Wissen oder kreativen Ideen \u2013 jede Unterst\u00fctzung z\u00e4hlt!<\/span><\/div>\n<div id=\"magicdomid78\" class=\"ace-line\" aria-live=\"assertive\"><\/div>\n<p>&nbsp;<\/p>\n<p>&nbsp;<\/p>\n","protected":false},"excerpt":{"rendered":"<p>&nbsp; \ud83c\udfe0 Unser Zuhause ist kein Spekulationsobjekt! Hohe Nebenkosten, steigende Mieten, Verdr\u00e4ngung? Damit bist du nicht allein! Mietenwahnsinn Nord ist ein Zusammenschluss von Mieter*innen, die sich nicht l\u00e4nger auspressen lassen. Wir organisieren uns, um gemeinsam gegen Verdr\u00e4ngung und Mietwucher vorzugehen \u2013 direkt, entschlossen und solidarisch! Wir sind Teil der Stadtteilgruppe H\u00e4nde weg vom Wedding. &nbsp; &hellip; <a href=\"https:\/\/miwa.noblogs.org\/\" class=\"more-link\">Continue reading<span class=\"screen-reader-text\"> &#8220;Willkommen bei Mietenwahnsinn Nord!&#8221;<\/span><\/a><\/p>\n","protected":false},"author":16208,"featured_media":0,"parent":0,"menu_order":0,"comment_status":"closed","ping_status":"closed","template":"","meta":{"footnotes":""},"class_list":["post-394","page","type-page","status-publish","hentry"],"_links":{"self":[{"href":"https:\/\/miwa.noblogs.org\/index.php?rest_route=\/wp\/v2\/pages\/394","targetHints":{"allow":["GET"]}}],"collection":[{"href":"https:\/\/miwa.noblogs.org\/index.php?rest_route=\/wp\/v2\/pages"}],"about":[{"href":"https:\/\/miwa.noblogs.org\/index.php?rest_route=\/wp\/v2\/types\/page"}],"author":[{"embeddable":true,"href":"https:\/\/miwa.noblogs.org\/index.php?rest_route=\/wp\/v2\/users\/16208"}],"replies":[{"embeddable":true,"href":"https:\/\/miwa.noblogs.org\/index.php?rest_route=%2Fwp%2Fv2%2Fcomments&post=394"}],"version-history":[{"count":14,"href":"https:\/\/miwa.noblogs.org\/index.php?rest_route=\/wp\/v2\/pages\/394\/revisions"}],"predecessor-version":[{"id":584,"href":"https:\/\/miwa.noblogs.org\/index.php?rest_route=\/wp\/v2\/pages\/394\/revisions\/584"}],"wp:attachment":[{"href":"https:\/\/miwa.noblogs.org\/index.php?rest_route=%2Fwp%2Fv2%2Fmedia&parent=394"}],"curies":[{"name":"wp","href":"https:\/\/api.w.org\/{rel}","templated":true}]}}