{"id":35,"date":"2021-01-22T14:31:54","date_gmt":"2021-01-22T13:31:54","guid":{"rendered":"http:\/\/miwa.noblogs.org\/?page_id=35"},"modified":"2021-08-22T16:44:46","modified_gmt":"2021-08-22T14:44:46","slug":"erste-hilfe","status":"publish","type":"page","link":"https:\/\/miwa.noblogs.org\/?page_id=35","title":{"rendered":"Beratungsangebote"},"content":{"rendered":"<div id=\"container\">\n<div id=\"content\" role=\"main\">\n<div id=\"post-27\" class=\"post-27 page type-page status-publish hentry\">\n<div class=\"entry-content\">\n<h5><strong>Stress mit euren Vermieter*innen? Hier gibt es Hilfe <\/strong><strong>(teilweise ist eine Mitgliedschaft notwendig, <\/strong><strong>bitte vorher auf den jeweiligen Internetpr\u00e4senzen erkundigen)<\/strong><\/h5>\n<h3><a href=\"https:\/\/wem-gehoert-moabit.de\/initiative\/\"><strong>Die Initiative \u201eWem geh\u00f6rt Moabit?\u201c<\/strong><\/a><\/h3>\n<p>ist w\u00e4hrend der \u00d6ffnungszeiten des B-Ladens, Lehrter Stra\u00dfe 27-30, 10557 Berlin,<\/p>\n<p>immer montags 15-19 Uhr zu erreichen. Tel. 030 3975238.<\/p>\n<p>&nbsp;<\/p>\n<h3><a href=\"https:\/\/www.bmgev.de\/beratung\/beratungsstellen\/bezirke\/wedding.html\"><strong>Berliner Mietergemeinschaft<\/strong><\/a><\/h3>\n<p><strong>Zeit:<\/strong> jeden Donnerstag, 18:00 bis 19:00 Uhr<\/p>\n<p><strong>Ort:<\/strong> Treffpunkt \u201cWiese 30\u201d, Wiesestra\u00dfe 30<\/p>\n<p>&nbsp;<\/p>\n<h3><a href=\"https:\/\/www.berliner-mieterverein.de\/wir-ueber-uns\/beratungszentren.htm#MuellerstrAnker\"><strong>Berliner Mieterverein, Beratungszentrum (f\u00fcr Tiergarten, Wedding, Mitte)<\/strong><\/a><\/h3>\n<h3><strong>Ort:<\/strong> M\u00fcllerstra\u00dfe 135<\/h3>\n<p><strong>Zeit (auch ohne Termin): <\/strong>Mo 10-12 + 17-19 Uhr, Di 17-19 Uhr, Mi 10-12 + 17-19 Uhr, Do 17-19 Uhr, Fr 15-17 Uhr, Sa 9-13 Uhr, sowie zus\u00e4tzlich nach Terminvereinbarung unter Telefon 030-226 260<\/p>\n<p>&nbsp;<\/p>\n<h3><a href=\"https:\/\/berlin.kauperts.de\/eintrag\/Berliner-Mieterverein-eV-Moabit-Perleberger-Strasse-44-10559-Berlin\"><strong>Berliner Mieterverein, Beratungsstelle Moabit<\/strong><\/a><\/h3>\n<p><strong>Ort:<\/strong> Perleberger Stra\u00dfe 44 \/L\u00fcbecker Stra\u00dfe<\/p>\n<p><strong>Zeit: <\/strong>Di 18-19.30 Uhr<\/p>\n<p>&nbsp;<\/p>\n<h3><a href=\"http:\/\/mieterberatungpb.de\/sprechzeiten\/mitte.html\"><strong>Mieter*innenberatung f\u00fcr Milieuschutzgebiete in Moabit (rund um die Waldstra\u00dfe und Birkenstra\u00dfe) <\/strong><\/a><\/h3>\n<p><strong>Ansprechpartner: <\/strong>Herr Riedel<br \/>\n<strong>Telefonische Beratung:<\/strong><br \/>\nMontag, 16.00 \u2013 18.00 Uhr<br \/>\nDonnerstag, 10.00 \u2013 13.00 Uhr<br \/>\n<strong>Telefon:<\/strong> 030 \u2013 44 33 81-<\/p>\n<h3><a href=\"http:\/\/mieterberatungpb.de\/sprechzeiten\/mitte.html\"><strong>Mieter*innenberatung f\u00fcr Milieuschutzgebiete im Wedding (Sparrplatz, Leopoldplatz und Seestra\u00dfe) Vor-Ort-B\u00fcro<\/strong><\/a><\/h3>\n<p><strong>Ort:<\/strong> Triftstra\u00dfe 2<\/p>\n<p><strong>Zeit:\u00a0<\/strong>Mo: 10 \u2013 12Uhr, Do: 16 \u2013 18Uhr<\/p>\n<p><strong>Tel.:\u00a0<\/strong>030 \/44338111<\/p>\n<p>&nbsp;<\/p>\n<\/div>\n<\/div>\n<\/div>\n<\/div>\n","protected":false},"excerpt":{"rendered":"<p>Stress mit euren Vermieter*innen? Hier gibt es Hilfe (teilweise ist eine Mitgliedschaft notwendig, bitte vorher auf den jeweiligen Internetpr\u00e4senzen erkundigen) Die Initiative \u201eWem geh\u00f6rt Moabit?\u201c ist w\u00e4hrend der \u00d6ffnungszeiten des B-Ladens, Lehrter Stra\u00dfe 27-30, 10557 Berlin, immer montags 15-19 Uhr zu erreichen. Tel. 030 3975238. &nbsp; Berliner Mietergemeinschaft Zeit: jeden Donnerstag, 18:00 bis 19:00 Uhr &hellip; <a href=\"https:\/\/miwa.noblogs.org\/?page_id=35\" class=\"more-link\">Continue reading<span class=\"screen-reader-text\"> &#8220;Beratungsangebote&#8221;<\/span><\/a><\/p>\n","protected":false},"author":16208,"featured_media":0,"parent":0,"menu_order":0,"comment_status":"closed","ping_status":"closed","template":"","meta":{"footnotes":""},"class_list":["post-35","page","type-page","status-publish","hentry"],"_links":{"self":[{"href":"https:\/\/miwa.noblogs.org\/index.php?rest_route=\/wp\/v2\/pages\/35","targetHints":{"allow":["GET"]}}],"collection":[{"href":"https:\/\/miwa.noblogs.org\/index.php?rest_route=\/wp\/v2\/pages"}],"about":[{"href":"https:\/\/miwa.noblogs.org\/index.php?rest_route=\/wp\/v2\/types\/page"}],"author":[{"embeddable":true,"href":"https:\/\/miwa.noblogs.org\/index.php?rest_route=\/wp\/v2\/users\/16208"}],"replies":[{"embeddable":true,"href":"https:\/\/miwa.noblogs.org\/index.php?rest_route=%2Fwp%2Fv2%2Fcomments&post=35"}],"version-history":[{"count":5,"href":"https:\/\/miwa.noblogs.org\/index.php?rest_route=\/wp\/v2\/pages\/35\/revisions"}],"predecessor-version":[{"id":94,"href":"https:\/\/miwa.noblogs.org\/index.php?rest_route=\/wp\/v2\/pages\/35\/revisions\/94"}],"wp:attachment":[{"href":"https:\/\/miwa.noblogs.org\/index.php?rest_route=%2Fwp%2Fv2%2Fmedia&parent=35"}],"curies":[{"name":"wp","href":"https:\/\/api.w.org\/{rel}","templated":true}]}}