{"id":300,"date":"2023-02-27T00:46:24","date_gmt":"2023-02-26T23:46:24","guid":{"rendered":"https:\/\/miwa.noblogs.org\/?page_id=300"},"modified":"2025-03-27T08:53:25","modified_gmt":"2025-03-27T07:53:25","slug":"nebenkostenberatung","status":"publish","type":"page","link":"https:\/\/miwa.noblogs.org\/?page_id=300","title":{"rendered":"Beratung"},"content":{"rendered":"<h2 data-start=\"525\" data-end=\"585\"><strong data-start=\"528\" data-end=\"583\">\ud83d\udce2 Deine Nebenkostenabrechnung ist verd\u00e4chtig hoch?<br \/>\n<\/strong><\/h2>\n<p data-start=\"525\" data-end=\"585\"><strong>Vermieter versuchen immer wieder, uns mit \u00fcberh\u00f6hten Nebenkosten oder miesen Tricks abzuzocken. Wir helfen dir \u2013 kostenlos, ehrenamtlich und unabh\u00e4ngig. Schick uns deine Abrechnung \u2013 wir schauen sie uns an! <\/strong><\/p>\n<p data-start=\"525\" data-end=\"585\">\ud83d\udce7 <strong data-start=\"812\" data-end=\"824\">Kontakt:<\/strong> mietenwahnsinn-nord[at]riseup.net<\/p>\n<p>&nbsp;<\/p>\n<h2><strong>Hier beantworten wir einige Fragen zu unserem Angebot!<\/strong><\/h2>\n<div style=\"padding: 0.5em;background: #a6b1ff\">\n<p><strong>Warum ist eine Nebenkostenberatung sinnvoll?<\/strong><\/p>\n<p>Die Nebenkostenabrechnung kommt einmal pro Jahr von der Hausverwaltung.Das bedeutet f\u00fcr viele von uns eine fette Nachzahlung! Weil diese Abrechnungen meist un\u00fcbersichtlich sind, ist es nicht einfach Fehler zu finden. Unsere Erfahrung zeigt aber: <strong>viele Abrechnungen enthalten Fehler, und die Mieter*innen zahlen zu viel! Im Jahr 2024 haben wir Fehler im Wert von mehr als 100.000\u20ac gefunden.<\/strong><\/p>\n<\/div>\n<p>&nbsp;<\/p>\n<div style=\"padding: 0.5em;background: #a6b1ff\">\n<p><strong>Wie l\u00e4uft eine Nebenkostenberatung ab?<\/strong><\/p>\n<p>Als Hausgemeinschaft laden wir euch in unser Stadtteilzentrum, das <a href=\"http:\/\/www.kiezhaus.org\">Kiezhaus<\/a> ein. Alle bringen ihre Mietvertr\u00e4ge und Abrechnungen mit. Bei Kaffee und Keksen geht&#8217;s dann an die Abrechnungen: gemeinsam mit euch gehen wir eure Abrechnungen St\u00fcck f\u00fcr St\u00fcck durch und finden die Posten, die wahrscheinlich Fehler enthalten. F\u00fcr jede Person gibt es ein Beratungsprotokoll, wo Details vermerkt sind und welches ihr mit nach Hause nehmen k\u00f6nnt!<\/p>\n<\/div>\n<p>&nbsp;<\/p>\n<div style=\"padding: 0.5em;background: #a6b1ff\">\n<p><strong>Was passiert danach?<\/strong><\/p>\n<p>Manchmal ergeben sich die Fehler schon direkt aus der Nebenkostenabrechnung, meistens braucht ihr aber noch weitere Dokumente von der Hausverwaltung, um die Abzocke beweisen zu k\u00f6nnen. Nach der Beratung helfen wir euch, diese Dokumente zu beschaffen &#8211; und wie immer gilt: als Hausgemeinschaft ist das viel einfach als alleine!<\/p>\n<\/div>\n<p>&nbsp;<\/p>\n<div style=\"padding: 0.5em;background: #a6b1ff\">\n<p><strong>Warum bieten wir Nebenkostenberatungen an?<\/strong><\/p>\n<p>Die Mieten sind schon hoch genug &#8211; da sollen Menschen nicht noch bei den Nebenkosten abgezockt werden! Wir sind Nachbar*innen aus dem Wedding, die sich f\u00fcr bezahlbare Mieten f\u00fcr alle einsetzen. Deshalb unterst\u00fctzen wir alle, die sich gegen Abzocke durch ihre Vermieter wehren wollen. F\u00fcr euch ist das nat\u00fcrlich<strong> kostenlos<\/strong>.<\/p>\n<\/div>\n<p>&nbsp;<\/p>\n<div style=\"padding: 0.5em;background: #a6b1ff\">\n<p><strong>Bekomme ich \u00c4rger, wenn ich mich mit meinem Vermieter anlege?<\/strong><\/p>\n<p>Wir stehen euch bei allen Schritten mit unserer Erfahrung zur Seite &#8211; und die \u00dcberpr\u00fcfung der Nebenkosten ist euer gutes Recht! Bevor wir konkrete Schritte \u00fcbernehmen, beraten wir uns gemeinsam mit erfahrenen Anw\u00e4lt*innen f\u00fcrs Mietrecht. Und nat\u00fcrlich gilt: wenn ihr gemeinsam als Hausgemeinschaft handelt, kann euch sehr, sehr wenig passieren!<\/p>\n<\/div>\n<p>&nbsp;<\/p>\n","protected":false},"excerpt":{"rendered":"<p>\ud83d\udce2 Deine Nebenkostenabrechnung ist verd\u00e4chtig hoch? Vermieter versuchen immer wieder, uns mit \u00fcberh\u00f6hten Nebenkosten oder miesen Tricks abzuzocken. Wir helfen dir \u2013 kostenlos, ehrenamtlich und unabh\u00e4ngig. Schick uns deine Abrechnung \u2013 wir schauen sie uns an! \ud83d\udce7 Kontakt: mietenwahnsinn-nord[at]riseup.net &nbsp; Hier beantworten wir einige Fragen zu unserem Angebot! Warum ist eine Nebenkostenberatung sinnvoll? Die Nebenkostenabrechnung &hellip; <a href=\"https:\/\/miwa.noblogs.org\/?page_id=300\" class=\"more-link\">Continue reading<span class=\"screen-reader-text\"> &#8220;Beratung&#8221;<\/span><\/a><\/p>\n","protected":false},"author":16208,"featured_media":0,"parent":0,"menu_order":0,"comment_status":"closed","ping_status":"closed","template":"","meta":{"footnotes":""},"class_list":["post-300","page","type-page","status-publish","hentry"],"_links":{"self":[{"href":"https:\/\/miwa.noblogs.org\/index.php?rest_route=\/wp\/v2\/pages\/300","targetHints":{"allow":["GET"]}}],"collection":[{"href":"https:\/\/miwa.noblogs.org\/index.php?rest_route=\/wp\/v2\/pages"}],"about":[{"href":"https:\/\/miwa.noblogs.org\/index.php?rest_route=\/wp\/v2\/types\/page"}],"author":[{"embeddable":true,"href":"https:\/\/miwa.noblogs.org\/index.php?rest_route=\/wp\/v2\/users\/16208"}],"replies":[{"embeddable":true,"href":"https:\/\/miwa.noblogs.org\/index.php?rest_route=%2Fwp%2Fv2%2Fcomments&post=300"}],"version-history":[{"count":29,"href":"https:\/\/miwa.noblogs.org\/index.php?rest_route=\/wp\/v2\/pages\/300\/revisions"}],"predecessor-version":[{"id":577,"href":"https:\/\/miwa.noblogs.org\/index.php?rest_route=\/wp\/v2\/pages\/300\/revisions\/577"}],"wp:attachment":[{"href":"https:\/\/miwa.noblogs.org\/index.php?rest_route=%2Fwp%2Fv2%2Fmedia&parent=300"}],"curies":[{"name":"wp","href":"https:\/\/api.w.org\/{rel}","templated":true}]}}