{"id":152,"date":"2021-03-29T20:20:45","date_gmt":"2021-03-29T18:20:45","guid":{"rendered":"http:\/\/miwa.noblogs.org\/?page_id=152"},"modified":"2021-03-29T20:38:53","modified_gmt":"2021-03-29T18:38:53","slug":"leerstand","status":"publish","type":"page","link":"https:\/\/miwa.noblogs.org\/?page_id=152","title":{"rendered":"Leerstand"},"content":{"rendered":"<p id=\"magicdomid468\" class=\"ace-line\"><span class=\"author-a-wz83ziz78z6z81zy6z71zcal5z77zbn\">Der Leerstand von <\/span><span class=\"author-a-z89zlz80zz88zb01gpz85zz89zz88zkz85zih\">H\u00e4usern<\/span><span class=\"author-a-wz83ziz78z6z81zy6z71zcal5z77zbn\"> ist ein Ph\u00e4nomen, <\/span><span class=\"author-a-z89zlz80zz88zb01gpz85zz89zz88zkz85zih\">welches sich in den meisten<\/span> <span class=\"author-a-wz83ziz78z6z81zy6z71zcal5z77zbn\">St\u00e4dte<\/span><span class=\"author-a-z89zlz80zz88zb01gpz85zz89zz88zkz85zih\">n<\/span><span class=\"author-a-wz83ziz78z6z81zy6z71zcal5z77zbn\"> in Deutschland <\/span><span class=\"author-a-z89zlz80zz88zb01gpz85zz89zz88zkz85zih\">findet<\/span><span class=\"author-a-wz83ziz78z6z81zy6z71zcal5z77zbn\">. <\/span><span class=\"author-a-rz122zear4bz70zz122zlz70zq5z78ziw\">Trotz Wohnungsmangels, brutal steigender Mieten und gras<\/span><span class=\"author-a-z89zlz80zz88zb01gpz85zz89zz88zkz85zih\">s<\/span><span class=\"author-a-rz122zear4bz70zz122zlz70zq5z78ziw\">ierender Wohungs- und Obdachlosigkeit stehen Wohnungen und ganze Geb\u00e4ude \u00fcber Jahre leer.\u00a0<\/span><\/p>\n<p id=\"magicdomid666\" class=\"ace-line\"><span class=\"author-a-az86zi4fz81z8z77zz66zz84zrrz88zqz74zg\">Und dabei handelt es sich nicht um Einzelf\u00e4lle: <\/span><a href=\"https:\/\/www.destatis.de\/DE\/Themen\/Gesellschaft-Umwelt\/Wohnen\/Tabellen\/unbewohnte-wohnungen-nach-bundeslaendern.html?nn=211992\" target=\"_blank\" rel=\"noopener noreferrer\"><span class=\"author-a-z89zlz80zz88zb01gpz85zz89zz88zkz85zih\">Sch\u00e4tzungen zufolge <\/span><\/a><span class=\"author-a-az86zi4fz81z8z77zz66zz84zrrz88zqz74zg\">stehen in Berlin <\/span><span class=\"author-a-z89zlz80zz88zb01gpz85zz89zz88zkz85zih\">ca. 7% aller Wohnungen leer, also ca. 15<\/span><span class=\"author-a-1z74zz68zz67zz75z9z74zz77zcybcz82zz90zz85zq\">0<\/span><span class=\"author-a-z89zlz80zz88zb01gpz85zz89zz88zkz85zih\">.000<\/span><span class=\"author-a-az86zi4fz81z8z77zz66zz84zrrz88zqz74zg\">. D<\/span><span class=\"author-a-z77z98z75zuz70zc7z80zz70zq0cz85zz87zz72z\">abei ist <\/span><span class=\"author-a-wz83ziz78z6z81zy6z71zcal5z77zbn\">Leerstand kein Naturph\u00e4nomen<\/span><span class=\"author-a-az86zi4fz81z8z77zz66zz84zrrz88zqz74zg\">:<\/span><span class=\"author-a-wz83ziz78z6z81zy6z71zcal5z77zbn\"> In den meisten F\u00e4llen sind entweder die Profit<\/span><span class=\"author-a-rz122zear4bz70zz122zlz70zq5z78ziw\">interessen<\/span><span class=\"author-a-wz83ziz78z6z81zy6z71zcal5z77zbn\"> von Spekulant*innen oder die Unf\u00e4higkeit der Politik Schuld daran, dass <\/span><span class=\"author-a-rz122zear4bz70zz122zlz70zq5z78ziw\">ganze Wohnh\u00e4user<\/span><span class=\"author-a-wz83ziz78z6z81zy6z71zcal5z77zbn\"> leer steh<\/span><span class=\"author-a-rz122zear4bz70zz122zlz70zq5z78ziw\">en<\/span><span class=\"author-a-wz83ziz78z6z81zy6z71zcal5z77zbn\">.<\/span><\/p>\n<p id=\"magicdomid558\" class=\"ace-line\"><span class=\"author-a-rz122zear4bz70zz122zlz70zq5z78ziw\">U<\/span><span class=\"author-a-wz83ziz78z6z81zy6z71zcal5z77zbn\">nter den Bedingungen des kapitalistischen <\/span><span class=\"author-a-rz122zear4bz70zz122zlz70zq5z78ziw\">Wohungsmarktes ist <\/span><span class=\"author-a-wz83ziz78z6z81zy6z71zcal5z77zbn\">keine Stadt und kein Kiez vor der Spekulation mit Boden und dem damit einhergehenden Leerstand sicher.<\/span><span class=\"author-a-rz122zear4bz70zz122zlz70zq5z78ziw\"> Bei steigenden Haus<\/span><span class=\"author-a-wz83ziz78z6z81zy6z71zcal5z77zbn\">-, Boden<\/span><span class=\"author-a-rz122zear4bz70zz122zlz70zq5z78ziw\">&#8211; und Mietpreisen spekulieren Eigent\u00fcmer*innen mit leerstehenden H\u00e4us<\/span><span class=\"author-a-z90zz73zdjqxz66zmz69zz85zve44tc\">ern<\/span><span class=\"author-a-rz122zear4bz70zz122zlz70zq5z78ziw\"> auf h\u00f6here Verkau<\/span><span class=\"author-a-z87zr3z72zi2ixgln9z74z0kf\">f<\/span><span class=\"author-a-rz122zear4bz70zz122zlz70zq5z78ziw\">spreise in der Zukunft. Eine andere <\/span><span class=\"author-a-az86zi4fz81z8z77zz66zz84zrrz88zqz74zg\">beliebte <\/span><span class=\"author-a-rz122zear4bz70zz122zlz70zq5z78ziw\">Strategie ist<\/span><span class=\"author-a-az86zi4fz81z8z77zz66zz84zrrz88zqz74zg\">,<\/span><span class=\"author-a-rz122zear4bz70zz122zlz70zq5z78ziw\"> H\u00e4user verfallen zu lasse<\/span><span class=\"author-a-az86zi4fz81z8z77zz66zz84zrrz88zqz74zg\">n<\/span><span class=\"author-a-rz122zear4bz70zz122zlz70zq5z78ziw\"> um die Mieter*innen herauszudr\u00e4ngen<\/span><span class=\"author-a-z89zlz80zz88zb01gpz85zz89zz88zkz85zih\">. Danach werden<\/span><span class=\"author-a-rz122zear4bz70zz122zlz70zq5z78ziw\"> die H\u00e4user ab<\/span><span class=\"author-a-z89zlz80zz88zb01gpz85zz89zz88zkz85zih\">gerissen<\/span><span class=\"author-a-rz122zear4bz70zz122zlz70zq5z78ziw\"> und <\/span><span class=\"author-a-z90zz73zdjqxz66zmz69zz85zve44tc\">durch<\/span><span class=\"author-a-rz122zear4bz70zz122zlz70zq5z78ziw\"> (Luxus-)Neubauten zu ersetz<\/span><span class=\"author-a-z89zlz80zz88zb01gpz85zz89zz88zkz85zih\">t<\/span><span class=\"author-a-rz122zear4bz70zz122zlz70zq5z78ziw\">.<\/span><\/p>\n<p id=\"magicdomid583\" class=\"ace-line\"><span class=\"author-a-z89zlz80zz88zb01gpz85zz89zz88zkz85zih\">Wir sind eine lokale Gruppe gegen den Mietenwahnsinn in Wedding und Moabit. <\/span><span class=\"author-a-wz83ziz78z6z81zy6z71zcal5z77zbn\">Wir haben uns zum Ziel gesetzt, leer stehende Immobilien in unseren Kiezen aufzudecken und deren Leerstand anzuprangern.<\/span><span class=\"author-a-rz122zear4bz70zz122zlz70zq5z78ziw\"> Wir wollen die verantwortlichen Politiker*innen zum Handeln zwingen und fordern die sofortige Umwandlung von Leerstand zu bezahlbare<\/span><span class=\"author-a-z89zlz80zz88zb01gpz85zz89zz88zkz85zih\">m<\/span><span class=\"author-a-rz122zear4bz70zz122zlz70zq5z78ziw\"> Wohnraum.<\/span><span class=\"author-a-az86zi4fz81z8z77zz66zz84zrrz88zqz74zg\"> Da in einem Rendite-orientierten Wohnungsmarkt die bestehenden Wohnungen nur vermietet werden, wenn es sich finanziell lohnt und nicht, wenn sie gebraucht werden, fordern wir das Ende des privaten Wohnungsmarktes.<\/span><\/p>\n<h3 id=\"magicdomid303\" class=\"ace-line\"><span class=\"author-a-wz83ziz78z6z81zy6z71zcal5z77zbn b u\"><b><u>Was ist Leerstand?<\/u><\/b><\/span><\/h3>\n<p id=\"magicdomid603\" class=\"ace-line\"><span class=\"author-a-rz122zear4bz70zz122zlz70zq5z78ziw\">Die <\/span><span class=\"author-a-z89zlz80zz88zb01gpz85zz89zz88zkz85zih\">Berliner<\/span><span class=\"author-a-rz122zear4bz70zz122zlz70zq5z78ziw\"> Bezirks<\/span><span class=\"author-a-z89zlz80zz88zb01gpz85zz89zz88zkz85zih\">\u00e4mter<\/span><span class=\"author-a-rz122zear4bz70zz122zlz70zq5z78ziw\"> ha<\/span><span class=\"author-a-z89zlz80zz88zb01gpz85zz89zz88zkz85zih\">ben<\/span><span class=\"author-a-rz122zear4bz70zz122zlz70zq5z78ziw\"> mit dem Zweckentfremdungs<\/span><span class=\"author-a-az86zi4fz81z8z77zz66zz84zrrz88zqz74zg\">-Verbots<\/span><span class=\"author-a-rz122zear4bz70zz122zlz70zq5z78ziw\">gesetz ein Instrument in der Hand<\/span><span class=\"author-a-z90zz73zdjqxz66zmz69zz85zve44tc\">, um<\/span><span class=\"author-a-rz122zear4bz70zz122zlz70zq5z78ziw\"> gegen Leerstand vorzugehen.\u00a0<\/span><span class=\"author-a-wz83ziz78z6z81zy6z71zcal5z77zbn\">In vereinfachter Form gilt Wohnraum nach dem Berliner Zweckentfremdungsgesetz (ZwVbG)<\/span><span class=\"author-a-rz122zear4bz70zz122zlz70zq5z78ziw\"> [<\/span><span class=\"author-a-wz83ziz78z6z81zy6z71zcal5z77zbn\">1<\/span><span class=\"author-a-rz122zear4bz70zz122zlz70zq5z78ziw\">]<\/span><span class=\"author-a-wz83ziz78z6z81zy6z71zcal5z77zbn\">, u.a. als zweckentfremdet, wenn er mehr als 3 Monate leer steht, zur dauernden Wohnnutzung geeignet ist und keine Genehmigung f\u00fcr Leerstand<\/span><span class=\"author-a-z90zz73zdjqxz66zmz69zz85zve44tc\"> durch das Bezirksamt<\/span><span class=\"author-a-wz83ziz78z6z81zy6z71zcal5z77zbn\"> erteilt wurde.<\/span><\/p>\n<p id=\"magicdomid602\" class=\"ace-line\"><span class=\"author-a-wz83ziz78z6z81zy6z71zcal5z77zbn\">Gilt Wohnraum als \u201e<\/span><span class=\"author-a-az86zi4fz81z8z77zz66zz84zrrz88zqz74zg\">z<\/span><span class=\"author-a-wz83ziz78z6z81zy6z71zcal5z77zbn\">weckentfremdet\u201c hat d<\/span><span class=\"author-a-rz122zear4bz70zz122zlz70zq5z78ziw\">as Bezirksamt<\/span><span class=\"author-a-wz83ziz78z6z81zy6z71zcal5z77zbn\"> die M\u00f6glichkeit, Geldbu\u00dfen\u00a0 zu verh\u00e4ngen<\/span><span class=\"author-a-rz122zear4bz70zz122zlz70zq5z78ziw\"> oder sogar<\/span><span class=\"author-a-wz83ziz78z6z81zy6z71zcal5z77zbn\"> das Haus \u00fcber eine Treuand wieder Wohnzwecken zuzuf\u00fchren. <\/span><span class=\"author-a-az86zi4fz81z8z77zz66zz84zrrz88zqz74zg\">Trotz<\/span><span class=\"author-a-z89zlz80zz88zb01gpz85zz89zz88zkz85zih\">dem<\/span><span class=\"author-a-rz122zear4bz70zz122zlz70zq5z78ziw\"> stehen im Bezirk Mitte ganze Geb\u00e4ude teils \u00fcber 10 Jahre leer.<\/span><\/p>\n<p>Unter <a href=\"https:\/\/miwa.noblogs.org\/post\/2021\/02\/04\/kurz-erklart-zweckentfremdung-und-die-rolle-der-bezirksamter\/\">Hintergrund<\/a> haben wir alle Informationen zur Zweckentfremdung und die Rolle der Bezirks\u00e4mter zusammengefasst.<\/p>\n<p class=\"ace-line\"><span class=\"author-a-z90zz73zdjqxz66zmz69zz85zve44tc\">Unsere <a href=\"https:\/\/miwa.noblogs.org\/post\/2021\/01\/24\/leerstand_recherche\/\">Recherchen<\/a> haben wir hier zusammengetragen.<\/span><\/p>\n<h3 id=\"magicdomid355\" class=\"ace-line\"><span class=\"author-a-rz122zear4bz70zz122zlz70zq5z78ziw b u\"><b><u>Aufruf: <span class=\"author-a-rz122zear4bz70zz122zlz70zq5z78ziw b\">Kein Wohnung ohne Menschen, keine Menschen ohne Wohnung!<\/span><br \/>\n<\/u><\/b><\/span><\/h3>\n<p id=\"magicdomid635\" class=\"ace-line\"><span class=\"author-a-rz122zear4bz70zz122zlz70zq5z78ziw\">Wir als <\/span><span class=\"author-a-wz83ziz78z6z81zy6z71zcal5z77zbn\">&#8220;<\/span><span class=\"author-a-rz122zear4bz70zz122zlz70zq5z78ziw\">Mietenwahnsinn Nord<\/span><span class=\"author-a-wz83ziz78z6z81zy6z71zcal5z77zbn\">&#8220;<\/span><span class=\"author-a-rz122zear4bz70zz122zlz70zq5z78ziw\"> wollen weiter Leerstand und Zweckentfremdung recherchieren, ver\u00f6ffentlichen und bek\u00e4mpfen. <\/span><span class=\"author-a-wz83ziz78z6z81zy6z71zcal5z77zbn\">Daf\u00fcr sind wir aber auf Hinweise von Nachbar*innen angewiesen! M<\/span><span class=\"author-a-rz122zear4bz70zz122zlz70zq5z78ziw\">eldet euch<\/span><span class=\"author-a-wz83ziz78z6z81zy6z71zcal5z77zbn\"> deswegen<\/span><span class=\"author-a-rz122zear4bz70zz122zlz70zq5z78ziw\"> bei uns, wenn in eurem Haus eine Wohnung leer steht, als Ferienwohnung vermietet wird oder sogar ein ganzes Haus in der Nachbarschaft vor sich hingammelt.\u00a0<\/span><\/p>\n<p id=\"magicdomid359\" class=\"ace-line\"><span class=\"author-a-az86zi4fz81z8z77zz66zz84zrrz88zqz74zg\">Schreibt <\/span><span class=\"author-a-rz122zear4bz70zz122zlz70zq5z78ziw\">uns <\/span><span class=\"author-a-az86zi4fz81z8z77zz66zz84zrrz88zqz74zg\">dazu einfach <\/span><span class=\"author-a-rz122zear4bz70zz122zlz70zq5z78ziw\">die Adresse und genaue<\/span><span class=\"author-a-wz83ziz78z6z81zy6z71zcal5z77zbn\">n<\/span><span class=\"author-a-rz122zear4bz70zz122zlz70zq5z78ziw\"> Ort der Wohnung (z.B. 3 OG rechts, Vorderhaus), seit wann die Zweckentfremdung bzw. Leerstand besteht und alle sonstigen Information<\/span><span class=\"author-a-wz83ziz78z6z81zy6z71zcal5z77zbn\">en,<\/span><span class=\"author-a-rz122zear4bz70zz122zlz70zq5z78ziw\"> die ihr zu dem Objekt habt an:\u00a0 <\/span><span class=\"author-a-2z68zz82znz122zpt7z70zz67zz70zz80zv1qo\">mietenwahnsinn-nord[\u00e4t]riseup.net.<\/span><\/p>\n<p id=\"magicdomid361\" class=\"ace-line\"><span class=\"author-a-az86zi4fz81z8z77zz66zz84zrrz88zqz74zg\">Zus\u00e4tzlich <\/span><span class=\"author-a-rz122zear4bz70zz122zlz70zq5z78ziw\">k\u00f6nnt ihr die Zweckentfremdung auch dem <a href=\"https:\/\/ssl.stadtentwicklung.berlin.de\/wohnen\/zweckentfremdung_wohnraum\/formular\/adresswahl.shtml\" target=\"_blank\" rel=\"noopener noreferrer\">Bezirksamt melden<\/a>. Falls ihr euch weiter gegen Leerstand und f\u00fcr Recht auf Wohnen einsetzen wollt<\/span><span class=\"author-a-wz83ziz78z6z81zy6z71zcal5z77zbn\">,<\/span><span class=\"author-a-rz122zear4bz70zz122zlz70zq5z78ziw\"> kommt <\/span><span class=\"author-a-az86zi4fz81z8z77zz66zz84zrrz88zqz74zg\">gern <\/span><span class=\"author-a-rz122zear4bz70zz122zlz70zq5z78ziw\">zu unserem <\/span><span class=\"author-a-wz83ziz78z6z81zy6z71zcal5z77zbn\">Treffen! Weitere Infos dazu findet ihr hier: <\/span><span class=\"author-a-wz83ziz78z6z81zy6z71zcal5z77zbn url\"><a href=\"https:\/\/miwa.noblogs.org\/kontakt\/\" rel=\"noreferrer noopener\">https:\/\/miwa.noblogs.org\/kontakt\/<\/a><\/span><\/p>\n","protected":false},"excerpt":{"rendered":"<p>Der Leerstand von H\u00e4usern ist ein Ph\u00e4nomen, welches sich in den meisten St\u00e4dten in Deutschland findet. Trotz Wohnungsmangels, brutal steigender Mieten und grassierender Wohungs- und Obdachlosigkeit stehen Wohnungen und ganze Geb\u00e4ude \u00fcber Jahre leer.\u00a0 Und dabei handelt es sich nicht um Einzelf\u00e4lle: Sch\u00e4tzungen zufolge stehen in Berlin ca. 7% aller Wohnungen leer, also ca. 150.000. &hellip; <a href=\"https:\/\/miwa.noblogs.org\/?page_id=152\" class=\"more-link\">Continue reading<span class=\"screen-reader-text\"> &#8220;Leerstand&#8221;<\/span><\/a><\/p>\n","protected":false},"author":16208,"featured_media":0,"parent":0,"menu_order":0,"comment_status":"closed","ping_status":"closed","template":"","meta":{"footnotes":""},"class_list":["post-152","page","type-page","status-publish","hentry"],"_links":{"self":[{"href":"https:\/\/miwa.noblogs.org\/index.php?rest_route=\/wp\/v2\/pages\/152","targetHints":{"allow":["GET"]}}],"collection":[{"href":"https:\/\/miwa.noblogs.org\/index.php?rest_route=\/wp\/v2\/pages"}],"about":[{"href":"https:\/\/miwa.noblogs.org\/index.php?rest_route=\/wp\/v2\/types\/page"}],"author":[{"embeddable":true,"href":"https:\/\/miwa.noblogs.org\/index.php?rest_route=\/wp\/v2\/users\/16208"}],"replies":[{"embeddable":true,"href":"https:\/\/miwa.noblogs.org\/index.php?rest_route=%2Fwp%2Fv2%2Fcomments&post=152"}],"version-history":[{"count":4,"href":"https:\/\/miwa.noblogs.org\/index.php?rest_route=\/wp\/v2\/pages\/152\/revisions"}],"predecessor-version":[{"id":162,"href":"https:\/\/miwa.noblogs.org\/index.php?rest_route=\/wp\/v2\/pages\/152\/revisions\/162"}],"wp:attachment":[{"href":"https:\/\/miwa.noblogs.org\/index.php?rest_route=%2Fwp%2Fv2%2Fmedia&parent=152"}],"curies":[{"name":"wp","href":"https:\/\/api.w.org\/{rel}","templated":true}]}}